{"id":469,"date":"2025-08-25T15:46:20","date_gmt":"2025-08-25T13:46:20","guid":{"rendered":"https:\/\/tomistudio.eu\/?page_id=469"},"modified":"2025-08-25T15:54:55","modified_gmt":"2025-08-25T13:54:55","slug":"polityka-prywatnosci","status":"publish","type":"page","link":"https:\/\/tomistudio.eu\/en\/polityka-prywatnosci\/","title":{"rendered":"polityka prywatno\u015bci"},"content":{"rendered":"<div class=\"et_pb_section_0 et_pb_section et_section_regular et_flex_section\">\n<div class=\"et_pb_row_0 et_pb_row et_flex_row\">\n<div class=\"et_pb_column_0 et_pb_column et-last-child et_flex_column et_pb_css_mix_blend_mode_passthrough et_flex_column_24_24 et_flex_column_24_24_tablet et_flex_column_24_24_phone et_flex_column_24_24_phoneWide et_flex_column_24_24_widescreen\">\n<div class=\"et_pb_heading_0 et_pb_heading et_pb_module et_flex_module\"><div class=\"et_pb_heading_container\"><h1 class=\"et_pb_module_header\">polityka prywatno\u015bci<\/h1><\/div><\/div>\n<\/div>\n<\/div>\n\n<div class=\"et_pb_row_1 et_pb_row et_flex_row\">\n<div class=\"et_pb_column_1 et_pb_column et-last-child et_flex_column et_pb_css_mix_blend_mode_passthrough et_flex_column_24_24 et_flex_column_24_24_tablet et_flex_column_24_24_phone et_flex_column_24_24_phoneWide et_flex_column_24_24_widescreen\">\n<div class=\"et_pb_text_0 et_pb_text et_pb_bg_layout_light et_pb_module et_flex_module\"><div class=\"et_pb_text_inner\"><ol>\n<li>Administratorem Pa\u0144stwa danych osobowych jest firma Tomi Studio., ul. \u017buromi\u0144ska 6\/20, 3-341 Warszawa, e-mail: tomistudio@hot.pl<\/li>\n<li>Dane b\u0119d\u0105 przetwarzane na podstawie art. 6, ust. 1 lit. \u201eb i c\u201d w celach realizacji umowy oraz w celach prawnie uzasadnionego obowi\u0105zku administratora, oraz na podstawie art. 6, ust. 1, lit. \u201ef\u201d og\u00f3lnego rozporz\u0105dzenia o ochronie danych osobowych z dnia 27 kwietnia 2016 r.<\/li>\n<li>Odbiorc\u0105 Pa\u0144stwa danych b\u0119d\u0105 inne podmioty (np. dostawcy, producenci, firmy kurierskie) wspieraj\u0105ce nas w \u015bwiadczeniu realizacji niniejszej oferty\/zapytania\/zam\u00f3wienia\/umowy.<\/li>\n<li>Dane b\u0119d\u0105 przechowywane przez czas obs\u0142ugi oferty\/zapytania\/zam\u00f3wienia\/umowy zawartej z Pani\u0105\/Panem, a tak\u017ce po zako\u0144czeniu w celach:\n<ul>\n<li>ewentualnych roszcze\u0144 w zwi\u0105zku w wykonaniem danej oferty\/umowy\/zlecenia\/zam\u00f3wienia\/zapytania,<\/li>\n<li>obowi\u0105zk\u00f3w wynikaj\u0105cych z przepis\u00f3w prawa, a w szczeg\u00f3lno\u015bci rachunkowych i podatkowych,<\/li>\n<li>maksymalnie przez okres kolejnych 5 lat, od zamkni\u0119cia roku obrotowego, w kt\u00f3rym realizowana by\u0142a umowa.<\/li>\n<\/ul>\n<\/li>\n<li>Maj\u0105 Pa\u0144stwo prawo dost\u0119pu do danych, sprostowania, usuni\u0119cia b\u0105d\u017a ograniczenia ich przetwarzania, prawo do przenoszenia danych. Ma Pan\/Pani prawo wnie\u015b\u0107 skarg\u0119 na nas w zwi\u0105zku z przetwarzaniem przez nas swoich danych osobowych do GIODO, ul. Stawki 2, 00-193 Warszawa.<\/li>\n<\/ol>\n<\/div><\/div>\n<\/div>\n<\/div>\n<\/div>","protected":false},"excerpt":{"rendered":"","protected":false},"author":1,"featured_media":0,"parent":0,"menu_order":0,"comment_status":"closed","ping_status":"closed","template":"","meta":{"footnotes":""},"class_list":["post-469","page","type-page","status-publish","hentry"],"_links":{"self":[{"href":"https:\/\/tomistudio.eu\/en\/wp-json\/wp\/v2\/pages\/469","targetHints":{"allow":["GET"]}}],"collection":[{"href":"https:\/\/tomistudio.eu\/en\/wp-json\/wp\/v2\/pages"}],"about":[{"href":"https:\/\/tomistudio.eu\/en\/wp-json\/wp\/v2\/types\/page"}],"author":[{"embeddable":true,"href":"https:\/\/tomistudio.eu\/en\/wp-json\/wp\/v2\/users\/1"}],"replies":[{"embeddable":true,"href":"https:\/\/tomistudio.eu\/en\/wp-json\/wp\/v2\/comments?post=469"}],"version-history":[{"count":4,"href":"https:\/\/tomistudio.eu\/en\/wp-json\/wp\/v2\/pages\/469\/revisions"}],"predecessor-version":[{"id":473,"href":"https:\/\/tomistudio.eu\/en\/wp-json\/wp\/v2\/pages\/469\/revisions\/473"}],"wp:attachment":[{"href":"https:\/\/tomistudio.eu\/en\/wp-json\/wp\/v2\/media?parent=469"}],"curies":[{"name":"wp","href":"https:\/\/api.w.org\/{rel}","templated":true}]}}